 


					    {"id":59,"date":"2018-04-09T04:14:52","date_gmt":"2018-04-09T04:14:52","guid":{"rendered":"https:\/\/kerrolland-conseil.com\/?page_id=59"},"modified":"2026-02-20T08:22:09","modified_gmt":"2026-02-20T08:22:09","slug":"actualite-krc","status":"publish","type":"page","link":"https:\/\/kerrolland-conseil.com\/fr\/actualite-krc\/","title":{"rendered":"Actualit\u00e9"},"content":{"rendered":"<p>[vc_row full_width=\u00a0\u00bbstretch_row\u00a0\u00bb css=\u00a0\u00bb.vc_custom_1638345161282{background-image: url(http:\/\/kerrolland-conseil.com\/wp-content\/uploads\/2021\/12\/slideKRC-6.jpg?id=2718) !important;background-position: center !important;background-repeat: no-repeat !important;background-size: cover !important;}\u00a0\u00bb][vc_column]\r\n\t\t<div class=\"themesflat-spacer \" data-desktop=\"120\" data-mobile=\"40\" data-smobile=\"30\">\t\t\t\r\n\t\t<\/div><div class=\"title-section   left \">\r\n\t\t\r\n\t\t<h2 class=\"title\" style=\"\r\n\t\t\tfont-size: 36px;\r\n\t\t\tfont-weight: 700;\r\n\t\t\tline-height: 36px;\r\n\t\t\tcolor: #111111;\r\n\t\t\tmargin-bottom: 2px;\r\n\t\t\tletter-spacing: 0px;\r\n\t\t\">\r\n\t\t\t\r\n\t\t<\/h2>\t\r\n\t\t\t\t\t\r\n\t\t\r\n\t\t\t<div class=\"title-content\" style=\"\r\n\t\t\tfont-size: 15px;\r\n\t\t\tline-height: 26px;\r\n\t\t\tcolor: #999999;\r\n\t\t\tfont-weight: 400;\r\n\t\t\tletter-spacing: 0px;\r\n\t\t\">\r\n\t\t\t\t<h2 style=\"text-align: center;\"><span style=\"color: #ffffff;\">Actualit\u00e9s<\/span><\/h2>\n\r\n\t\t\t<\/div>\r\n\r\n\t<\/div>\r\n\t\t<div class=\"themesflat-spacer \" data-desktop=\"180\" data-mobile=\"40\" data-smobile=\"30\">\t\t\t\r\n\t\t<\/div>[\/vc_column][\/vc_row][vc_row full_width=\u00a0\u00bbstretch_row\u00a0\u00bb css=\u00a0\u00bb.vc_custom_1638295705933{background-color: #ffffff !important;background-position: center !important;background-repeat: no-repeat !important;background-size: cover !important;}\u00a0\u00bb][vc_column css=\u00a0\u00bb.vc_custom_1638295727416{background-color: #ffffff !important;background-position: center !important;background-repeat: no-repeat !important;background-size: cover !important;}\u00a0\u00bb]\r\n\t\t<div class=\"themesflat-spacer \" data-desktop=\"90\" data-mobile=\"40\" data-smobile=\"30\">\t\t\t\r\n\t\t<\/div><div class=\"title-section   center \">\r\n\t\t\r\n\t\t\t<div class=\"top-title\">\r\n\t\t\t\tACTUALITE\r\n\t\t\t<\/div>\r\n\t\t<h2 class=\"title\" style=\"\r\n\t\t\tfont-size: 36px;\r\n\t\t\tfont-weight: 700;\r\n\t\t\tline-height: 36px;\r\n\t\t\tcolor: #111111;\r\n\t\t\tmargin-bottom: 2px;\r\n\t\t\tletter-spacing: 0px;\r\n\t\t\">\r\n\t\t\tKRC des projets plein la t\u00eate\r\n\t\t<\/h2>\t\r\n\t\t<div class=\"title-line\"><\/div>\t\t\t\r\n\t\t\r\n\r\n\t<\/div>\r\n\t\t<div class=\"themesflat-spacer \" data-desktop=\"90\" data-mobile=\"40\" data-smobile=\"30\">\t\t\t\r\n\t\t<\/div>[\/vc_column][\/vc_row][vc_row css=\u00a0\u00bb.vc_custom_1638295741426{background-color: #ffffff !important;background-position: center !important;background-repeat: no-repeat !important;background-size: cover !important;}\u00a0\u00bb][vc_column css=\u00a0\u00bb.vc_custom_1638295773003{background-color: #ffffff !important;background-position: center !important;background-repeat: no-repeat !important;background-size: cover !important;}\u00a0\u00bb]\t\t\t\t\r\n\t\t\t\t<div class=\"blog-shortcode  blog-list-small has-post-content\" data-items =\"3\" data-nav= \"false\" data-dot= \"false\" data-auto= \"false\">\r\n\t\t\t\t\t\r\n\t\t\t\t\t\t\t\t\t\t\t<article class=\"entry format-\">\r\n\t\t\t\t\t\t\t<div class=\"entry-border\">\r\n\t\t\t\t\t\t\t\t\r\n\t\t\t\t\t\t\t\t<div class=\"featured-post\"><a href=\"https:\/\/kerrolland-conseil.com\/fr\/benin-etat-des-lieux-de-laviculture-beninoise\/\"><img loading=\"lazy\" decoding=\"async\" width=\"750\" height=\"430\" src=\"https:\/\/kerrolland-conseil.com\/wp-content\/uploads\/2023\/07\/actualite-filiere-volailles-en-france-accueil-1-750x430.jpg\" class=\"attachment-themesflat-blog-listsmall size-themesflat-blog-listsmall wp-post-image\" alt=\"Cherchant \u00e0 d\u00e9velopper leur ind\u00e9pendance alimentaire pour la consommation de volailles, j\u2019ai \u00e9t\u00e9 missionn\u00e9 afin de r\u00e9aliser un \u00e9tat des lieux de la production avicole au B\u00e9nin.\" \/><\/a><div class=\"data-box\">\r\n\t\t\t\t\t\t<h4>03<\/h4>\r\n\t\t\t\t\t\t<strong>Juil<\/strong>\r\n\t\t\t\t\t<\/div><\/div>\r\n\t\t\t\t\t\t\t\t\r\n\t\t\t\t\t\t\t\t<div class=\"content-post\">\r\n\t\t\t\t\t\t\t\t\t\t\t\r\n\t\t\t\t\t\t\t\t\t\t<div class=\"post-categories\"><a href=\"https:\/\/kerrolland-conseil.com\/fr\/category\/actualite-filiere-volaille\/international\/\" rel=\"category tag\">International<\/a><\/div>\t\t\t\t\t\t\t\t\t\t\t\t\t\t\t\t\t\t<h2 class=\"entry-title\"><a href=\"https:\/\/kerrolland-conseil.com\/fr\/benin-etat-des-lieux-de-laviculture-beninoise\/\">B\u00e9nin : Etat des lieux de l\u2019aviculture b\u00e9ninoise<\/a><\/h2>\r\n\t\t\t\t\t\t\t\t\t\t\t\t\t\t\t\t\t\t\t\t\t\t\r\n\t\t\t\t\t\t\t\t\t\r\n\t\t\t\t\t\t\t\t\t\r\n\t\t\t\t\t\t\t\t\t\t\t\t\t\t\t\t\t\t \t\t\t\t\t\t\r\n\t\t\t\t\t\t\t\t\t<div class=\"entry-content \">\r\n\r\n\r\n\t\t\t\t\t\t\t\t\t\t<p>[vc_row][vc_column][vc_column_text]Cherchant \u00e0 d\u00e9velopper leur ind\u00e9pendance alimentaire pour la consommation de volailles, j\u2019ai \u00e9t\u00e9 missionn\u00e9 du 17 au 20 juin afin de r\u00e9aliser un \u00e9tat des lieux de la production avicole au B\u00e9nin.[\/vc_column_text][vc_column_text]Le voyage d\u2019\u00e9tude s\u2019est ax\u00e9 autour de plusieurs visites : March\u00e9s locaux \u00a0Points de vente \u00c9levages Et d\u2019une rencontre avec un responsable local d\u2019une interprofession.[\/vc_column_text][\/vc_column][\/vc_row]<\/p>\n<div class=\"themesflat-button-container\"><a class=\"themesflat-button themesflat-archive no-background\" href=\"https:\/\/kerrolland-conseil.com\/fr\/benin-etat-des-lieux-de-laviculture-beninoise\/\" rel=\"nofollow\">En savoir plus<\/a><\/div>\t\t\t\t\t\t\t\t\t\t\r\n\t\t\t\t\t\t\t\t\t<\/div>\r\n\t\t\t\t\t\t\t\t\t\t\t\t\t\t\t\t\t\r\n\t\t\t\t\t\t\t\t\t\r\n\t\t\t\t\t\t\t\t<\/div>\r\n\r\n\t\t\t\t\t\t\t<\/div>\r\n\t\t\t\t\t\t<\/article><!-- \/.entry -->\r\n\r\n\t\t\t\t\t\t\t\t\t\t\t\t<article class=\"entry format-\">\r\n\t\t\t\t\t\t\t<div class=\"entry-border\">\r\n\t\t\t\t\t\t\t\t\r\n\t\t\t\t\t\t\t\t<div class=\"featured-post\"><a href=\"https:\/\/kerrolland-conseil.com\/fr\/visite-de-la-gouverneure-de-la-region-du-tanganyika-republique-democratique-congo\/\"><img loading=\"lazy\" decoding=\"async\" width=\"750\" height=\"430\" src=\"https:\/\/kerrolland-conseil.com\/wp-content\/uploads\/2023\/02\/Visite-gouverneure-RDC-2-750x430.jpg\" class=\"attachment-themesflat-blog-listsmall size-themesflat-blog-listsmall wp-post-image\" alt=\"\" \/><\/a><div class=\"data-box\">\r\n\t\t\t\t\t\t<h4>14<\/h4>\r\n\t\t\t\t\t\t<strong>F\u00e9v<\/strong>\r\n\t\t\t\t\t<\/div><\/div>\r\n\t\t\t\t\t\t\t\t\r\n\t\t\t\t\t\t\t\t<div class=\"content-post\">\r\n\t\t\t\t\t\t\t\t\t\t\t\r\n\t\t\t\t\t\t\t\t\t\t<div class=\"post-categories\"><a href=\"https:\/\/kerrolland-conseil.com\/fr\/category\/actualite-filiere-volaille\/international\/\" rel=\"category tag\">International<\/a><\/div>\t\t\t\t\t\t\t\t\t\t\t\t\t\t\t\t\t\t<h2 class=\"entry-title\"><a href=\"https:\/\/kerrolland-conseil.com\/fr\/visite-de-la-gouverneure-de-la-region-du-tanganyika-republique-democratique-congo\/\">Visite de la Gouverneure de la R\u00e9gion du Tanganyika (R\u00e9publique D\u00e9mocratique Congo)<\/a><\/h2>\r\n\t\t\t\t\t\t\t\t\t\t\t\t\t\t\t\t\t\t\t\t\t\t\r\n\t\t\t\t\t\t\t\t\t\r\n\t\t\t\t\t\t\t\t\t\r\n\t\t\t\t\t\t\t\t\t\t\t\t\t\t\t\t\t\t \t\t\t\t\t\t\r\n\t\t\t\t\t\t\t\t\t<div class=\"entry-content \">\r\n\r\n\r\n\t\t\t\t\t\t\t\t\t\t<p>[vc_row][vc_column][vc_column_text]Dans le cadre de sa visite dans l\u2019Ouest de la France, nous avons ce 14 F\u00e9vrier, avec Catherine LEFFRAY, accueilli son Excellence la Gouverneure de la R\u00e9gion du Tanganyika (R\u00e9publique D\u00e9mocratique Congo), Madame Julie NGUNGWA MWAYUMA.[\/vc_column_text][vc_gallery type=\u00a0\u00bbflexslider_slide\u00a0\u00bb interval=\u00a0\u00bb3&Prime; images=\u00a0\u00bb3448,3450&Prime; img_size=\u00a0\u00bblarge\u00a0\u00bb][vc_column_text]Catherine LEFFRAY, agricultrice, \u00e9leveuse de volailles et membre du Conseil d\u2019Administration de la Coop\u00e9rative Agrial, a pr\u00e9sent\u00e9 son exploitation familiale, l\u2019organisation de la fili\u00e8re volaille et les atouts du mod\u00e8le coop\u00e9ratif. [\/vc_column_text][vc_column_text]Son Excellence Madame Julie Ngungwa Mwayuma, a \u00e9t\u00e9 tr\u00e8s int\u00e9ress\u00e9e par la pr\u00e9sentation, ainsi que la visite de l\u2019exploitation. [\/vc_column_text][\/vc_column][\/vc_row]<\/p>\n<div class=\"themesflat-button-container\"><a class=\"themesflat-button themesflat-archive no-background\" href=\"https:\/\/kerrolland-conseil.com\/fr\/visite-de-la-gouverneure-de-la-region-du-tanganyika-republique-democratique-congo\/\" rel=\"nofollow\">En savoir plus<\/a><\/div>\t\t\t\t\t\t\t\t\t\t\r\n\t\t\t\t\t\t\t\t\t<\/div>\r\n\t\t\t\t\t\t\t\t\t\t\t\t\t\t\t\t\t\r\n\t\t\t\t\t\t\t\t\t\r\n\t\t\t\t\t\t\t\t<\/div>\r\n\r\n\t\t\t\t\t\t\t<\/div>\r\n\t\t\t\t\t\t<\/article><!-- \/.entry -->\r\n\r\n\t\t\t\t\t\t\t\t\t\t\t\t<article class=\"entry format-\">\r\n\t\t\t\t\t\t\t<div class=\"entry-border\">\r\n\t\t\t\t\t\t\t\t\r\n\t\t\t\t\t\t\t\t<div class=\"featured-post\"><a href=\"https:\/\/kerrolland-conseil.com\/fr\/audit-en-russie-krc-choisi-pour-son-expertise\/\"><img loading=\"lazy\" decoding=\"async\" width=\"750\" height=\"430\" src=\"https:\/\/kerrolland-conseil.com\/wp-content\/uploads\/2018\/04\/actualite-filiere-volailles-international-750x430.jpg\" class=\"attachment-themesflat-blog-listsmall size-themesflat-blog-listsmall wp-post-image\" alt=\"\" \/><\/a><div class=\"data-box\">\r\n\t\t\t\t\t\t<h4>21<\/h4>\r\n\t\t\t\t\t\t<strong>Oct<\/strong>\r\n\t\t\t\t\t<\/div><\/div>\r\n\t\t\t\t\t\t\t\t\r\n\t\t\t\t\t\t\t\t<div class=\"content-post\">\r\n\t\t\t\t\t\t\t\t\t\t\t\r\n\t\t\t\t\t\t\t\t\t\t<div class=\"post-categories\"><a href=\"https:\/\/kerrolland-conseil.com\/fr\/category\/actualite-filiere-volaille\/international\/\" rel=\"category tag\">International<\/a><\/div>\t\t\t\t\t\t\t\t\t\t\t\t\t\t\t\t\t\t<h2 class=\"entry-title\"><a href=\"https:\/\/kerrolland-conseil.com\/fr\/audit-en-russie-krc-choisi-pour-son-expertise\/\">Audit en Russie : KRC choisi pour son expertise<\/a><\/h2>\r\n\t\t\t\t\t\t\t\t\t\t\t\t\t\t\t\t\t\t\t\t\t\t\r\n\t\t\t\t\t\t\t\t\t\r\n\t\t\t\t\t\t\t\t\t\r\n\t\t\t\t\t\t\t\t\t\t\t\t\t\t\t\t\t\t \t\t\t\t\t\t\r\n\t\t\t\t\t\t\t\t\t<div class=\"entry-content \">\r\n\r\n\r\n\t\t\t\t\t\t\t\t\t\t<p>[vc_row][vc_column][vc_column_text]A la demande d&rsquo;un investisseur local, la mission \u00e9tait de comprendre le besoin et \u00e0 partir d&rsquo;un infrastructure existante, voir les am\u00e9nagements et extensions n\u00e9cessaires, pour la mise en place d&rsquo;une fili\u00e8re globale des reproducteurs \u00e0 l&rsquo;abattoir.[\/vc_column_text][\/vc_column][\/vc_row]<\/p>\n<div class=\"themesflat-button-container\"><a class=\"themesflat-button themesflat-archive no-background\" href=\"https:\/\/kerrolland-conseil.com\/fr\/audit-en-russie-krc-choisi-pour-son-expertise\/\" rel=\"nofollow\">En savoir plus<\/a><\/div>\t\t\t\t\t\t\t\t\t\t\r\n\t\t\t\t\t\t\t\t\t<\/div>\r\n\t\t\t\t\t\t\t\t\t\t\t\t\t\t\t\t\t\r\n\t\t\t\t\t\t\t\t\t\r\n\t\t\t\t\t\t\t\t<\/div>\r\n\r\n\t\t\t\t\t\t\t<\/div>\r\n\t\t\t\t\t\t<\/article><!-- \/.entry -->\r\n\r\n\t\t\t\t\t\t<\/div>[\/vc_column][\/vc_row][vc_row][vc_column][vc_column_text]<span id=\"offre-emploi\"><\/span>[\/vc_column_text][\/vc_column][\/vc_row][vc_row][vc_column]\r\n\t\t<div class=\"themesflat-spacer \" data-desktop=\"90\" data-mobile=\"40\" data-smobile=\"30\">\t\t\t\r\n\t\t<\/div><div class=\"title-section   center \">\r\n\t\t\r\n\t\t\t<div class=\"top-title\">\r\n\t\t\t\tRECRUTEMENT\r\n\t\t\t<\/div>\r\n\t\t<h2 class=\"title\" style=\"\r\n\t\t\tfont-size: 36px;\r\n\t\t\tfont-weight: 700;\r\n\t\t\tline-height: 36px;\r\n\t\t\tcolor: #111111;\r\n\t\t\tmargin-bottom: 2px;\r\n\t\t\tletter-spacing: 0px;\r\n\t\t\">\r\n\t\t\tOffres d'emploi\r\n\t\t<\/h2>\t\r\n\t\t<div class=\"title-line\"><\/div>\t\t\t\r\n\t\t\r\n\r\n\t<\/div>\r\n\t\t<div class=\"themesflat-spacer \" data-desktop=\"90\" data-mobile=\"40\" data-smobile=\"30\">\t\t\t\r\n\t\t<\/div>[\/vc_column][\/vc_row][vc_row][vc_column width=\u00a0\u00bb1\/2&Prime;]\r\n\t\t\t<div class=\"themesflat-team  grid-style1  has-image themesflat-hover left\">\r\n\t\t\t\t\r\n\t\t\t<div class=\"team-image item-hover\">\t\t\t\t\r\n\t\t\t\t<img loading=\"lazy\" decoding=\"async\" width=\"598\" height=\"313\" src=\"https:\/\/kerrolland-conseil.com\/wp-content\/uploads\/2026\/02\/offre-emploi-technico-commercial-agroalimentaire-nord-est.png\" class=\"attachment-full\" alt=\"\" \/>\t\t\t\t\r\n\t\t\t<\/div>\r\n\t\t\t\t\t\r\n\t\t\t\t<div class=\"team-info default unset\">\r\n\t\t\t\t\t<div class=\"box-info\">\t\r\n\t\t\t\t\t<h4 class=\"team-name\"><a href=\"\" title=\"\"><\/a><\/h4>\r\n\t\t\t\t\t\r\n\t\t\t\t\t<\/div>\r\n\t\t\t\t\t\r\n\t\t\t\t\t<div class=\"team-desc\"><\/p>\n<p style=\"text-align: center\"><strong><span style=\"color: #d21e2b\">Technico-commercial(e) en volailles de ponte<\/span><\/strong><\/p>\n<p><strong>Votre r\u00f4le au sein de LANCKRIET<\/strong><\/p>\n<p>Rattach\u00e9(e) au directeur commercial, vous \u00e9voluez au sein d\u2019une \u00e9quipe de 8 personnes.<\/p>\n<p>&nbsp;<\/p>\n<p><strong>Vos principales missions<\/strong><\/p>\n<ul>\n<li><span style=\"color: #d21e2b\">D\u00e9veloppement et pilotage commercial<\/span><br \/>\nD\u00e9velopper activement le portefeuille clients (\u00e9leveurs, int\u00e9grateurs, partenaires) sur l\u2019ensemble du secteur Nord-Est.<br \/>\nConstruire une relation de confiance durable avec vos interlocuteurs.<br \/>\nN\u00e9gocier les conditions commerciales dans le respect de la politique de l\u2019entreprise.<br \/>\nAssurer le suivi administratif et commercial des dossiers (commandes, contrats, relances).<br \/>\nAnalyser les performances commerciales de votre secteur et mettre en place des plans d\u2019actions correctifs si n\u00e9cessaire.<br \/>\nAssurer une veille concurrentielle et march\u00e9 (\u00e9volution des prix, innovations, acteurs locaux, tendances r\u00e9glementaires).<\/li>\n<li><span style=\"color: #d21e2b\">Animation technique et accompagnement terrain.<\/span><br \/>\n\u00catre l\u2019interlocuteur technique privil\u00e9gi\u00e9 sur votre zone.<br \/>\nApporter un conseil personnalis\u00e9 sur la conduite des lots (mise en place, suivi de croissance, performances, qualit\u00e9 sanitaire).<br \/>\nCollaborer \u00e9troitement avec les techniciens afin d\u2019assurer un suivi coh\u00e9rent et performant.<br \/>\nOrganiser ou animer des r\u00e9unions techniques (groupes d\u2019\u00e9leveurs, r\u00e9unions d\u2019information, journ\u00e9es techniques).<\/li>\n<li><span style=\"color: #d21e2b\">Coordination et repr\u00e9sentation<\/span><br \/>\nAssurer le lien entre le terrain et les services internes (commercial, production, couvoir, direction).<br \/>\nParticiper \u00e0 des salons professionnels ou \u00e9v\u00e9nements r\u00e9gionaux si n\u00e9cessaire.<br \/>\nRepr\u00e9senter l\u2019image et les valeurs de l\u2019entreprise aupr\u00e8s des partenaires locaux.<\/li>\n<\/ul>\n<p><strong>Profil recherch\u00e9 :\u00a0<\/strong><\/p>\n<ul>\n<li>De formation initiale Bac+2 minimum en agri\/agro, vous disposez d\u2019une premi\u00e8re exp\u00e9rience dans le domaine avicole.<\/li>\n<li>Vous \u00eates <strong>organis\u00e9(e) et r\u00e9actif(ve)<\/strong>, afin d\u2019assurer un accompagnement de qualit\u00e9 aupr\u00e8s de vos clients.<\/li>\n<li>Vous \u00eates autonome, <strong>motiv\u00e9(e) et dot\u00e9(e)<\/strong> <strong>d\u2019une grande aptitude relationnelle<\/strong>, afin de p\u00e9renniser et continuer \u00e0 d\u00e9velopper les parts de march\u00e9 de l\u2019entreprise sur votre secteur.<\/li>\n<li>\u00c0 la fois <strong>observateur(trice), rigoureux(se) et discret(e),<\/strong> vous savez vous adapter aux diff\u00e9rentes situations qu\u2019offre ce m\u00e9tier.<\/li>\n<\/ul>\n<p><strong>La soci\u00e9t\u00e9 :<\/strong><\/p>\n<p>Fond\u00e9e en 1948, la soci\u00e9t\u00e9 <strong>LANCKRIET<\/strong> est un des plus anciens acteurs du monde avicole fran\u00e7ais. La SAS <strong>LANCKRIET<\/strong>, entreprise familiale priv\u00e9e et ind\u00e9pendante, sp\u00e9cialis\u00e9e dans l\u2019accouvage, est situ\u00e9e dans les Hauts-de-France. D\u2019une production locale et traditionnelle, les \u00e9tablissements <strong>LANCKRIET<\/strong> ont \u00e9volu\u00e9 vers des m\u00e9thodes modernes et norm\u00e9es, am\u00e9liorant ainsi leur efficacit\u00e9 gr\u00e2ce \u00e0 des investissements constants.<\/p>\n<p><strong>Vos conditions d&#8217;emploi :<\/strong><\/p>\n<ul>\n<li style=\"list-style-type: none\">\n<ul>\n<li style=\"list-style-type: none\">\n<ul>\n<li>Poste en CDI.<\/li>\n<li>V\u00e9hicule de fonction.<\/li>\n<li>Home Office, d\u00e9couch\u00e9s \u00e0 pr\u00e9voir.<\/li>\n<li>R\u00e9mun\u00e9ration \u00e0 d\u00e9finir en fonction du profil.<\/li>\n<\/ul>\n<\/li>\n<\/ul>\n<p>Lieu de r\u00e9sidence : Reims, Troyes, Chalons en Champagne, Laon, Saint-Quentin.<\/li>\n<\/ul>\n<p>&nbsp;<\/p>\n<p>&nbsp;<\/p>\n<p><a href=\"http:\/\/kerrolland-conseil.com\/wp-content\/uploads\/2026\/02\/offre_emploi_lansket.pdf\" target=\"_blank\" rel=\"noopener\"><strong><span style=\"color: #d21e2b\">T\u00e9l\u00e9charger l&rsquo;offre d&#8217;emploi<\/span><\/strong><\/a><\/div>\r\n\t\t\t\t\t\r\n\t\t\t\t\t<div class=\"box-social-links default\"> <\/div>\r\n\t\t\t\t<\/div>\r\n\t\t\t<\/div>\r\n\t\t\r\n\t\t<div class=\"themesflat-spacer \" data-desktop=\"90\" data-mobile=\"40\" data-smobile=\"30\">\t\t\t\r\n\t\t<\/div><div class=\"themesflat_button_container simple_button  text-left\">\r\n\t\t\r\n\t\t<a class=\"themesflat-button have_background \" href=\"\" style=\"padding-top:12px;padding-right:32px;padding-bottom:12px;padding-left:33px;background:#222222;color:#ffffff;font-size:14px;font-weight:400;\" data-text_color=\"#ffffff\" data-hover_text_color=\"#ffffff\" data-hover_bg_color=\"#d21e2b\"> <i class=\"\"><\/i><\/a>\r\n\t<\/div>\r\n\t\t<div class=\"themesflat-spacer \" data-desktop=\"90\" data-mobile=\"40\" data-smobile=\"30\">\t\t\t\r\n\t\t<\/div>[\/vc_column][vc_column width=\u00a0\u00bb1\/2&Prime;]\r\n\t\t<div class=\"themesflat-spacer \" data-desktop=\"90\" data-mobile=\"40\" data-smobile=\"30\">\t\t\t\r\n\t\t<\/div>[\/vc_column][\/vc_row][vc_row][vc_column width=\u00a0\u00bb1\/2&Prime;][\/vc_column][vc_column width=\u00a0\u00bb1\/2&Prime;][\/vc_column][\/vc_row][vc_row][vc_column width=\u00a0\u00bb1\/2&Prime;][\/vc_column][vc_column width=\u00a0\u00bb1\/2&Prime;][\/vc_column][\/vc_row][vc_row][vc_column]\r\n\t\t<div class=\"themesflat-spacer \" data-desktop=\"90\" data-mobile=\"40\" data-smobile=\"30\">\t\t\t\r\n\t\t<\/div><div class=\"title-section   center \">\r\n\t\t\r\n\t\t\t<div class=\"top-title\">\r\n\t\t\t\tENTREPRISE\r\n\t\t\t<\/div>\r\n\t\t<h2 class=\"title\" style=\"\r\n\t\t\tfont-size: 36px;\r\n\t\t\tfont-weight: 700;\r\n\t\t\tline-height: 36px;\r\n\t\t\tcolor: #111111;\r\n\t\t\tmargin-bottom: 2px;\r\n\t\t\tletter-spacing: 0px;\r\n\t\t\">\r\n\t\t\tCession - Reprise\r\n\t\t<\/h2>\t\r\n\t\t<div class=\"title-line\"><\/div>\t\t\t\r\n\t\t\r\n\r\n\t<\/div>\r\n\t\t<div class=\"themesflat-spacer \" data-desktop=\"90\" data-mobile=\"40\" data-smobile=\"30\">\t\t\t\r\n\t\t<\/div>[\/vc_column][\/vc_row][vc_row][vc_column]\r\n\t\t<div class=\"themesflat-spacer \" data-desktop=\"90\" data-mobile=\"40\" data-smobile=\"30\">\t\t\t\r\n\t\t<\/div>[\/vc_column][\/vc_row]<\/p>\n","protected":false},"excerpt":{"rendered":"<p>[vc_row full_width=\u00a0\u00bbstretch_row\u00a0\u00bb css=\u00a0\u00bb.vc_custom_1638345161282{background-image: url(http:\/\/kerrolland-conseil.com\/wp-content\/uploads\/2021\/12\/slideKRC-6.jpg?id=2718) !important;background-position: center !important;background-repeat: no-repeat !important;background-size: cover !important;}\u00a0\u00bb][vc_column][\/vc_column][\/vc_row][vc_row full_width=\u00a0\u00bbstretch_row\u00a0\u00bb css=\u00a0\u00bb.vc_custom_1638295705933{background-color: #ffffff !important;background-position: center !important;background-repeat: no-repeat !important;background-size: cover !important;}\u00a0\u00bb][vc_column css=\u00a0\u00bb.vc_custom_1638295727416{background-color: #ffffff !important;background-position: center !important;background-repeat: no-repeat !important;background-size: cover !important;}\u00a0\u00bb][\/vc_column][\/vc_row][vc_row css=\u00a0\u00bb.vc_custom_1638295741426{background-color: #ffffff !important;background-position: center !important;background-repeat: no-repeat !important;background-size: cover !important;}\u00a0\u00bb][vc_column css=\u00a0\u00bb.vc_custom_1638295773003{background-color: #ffffff !important;background-position: center !important;background-repeat: no-repeat !important;background-size: cover !important;}\u00a0\u00bb][\/vc_column][\/vc_row][vc_row][vc_column][vc_column_text][\/vc_column_text][\/vc_column][\/vc_row][vc_row][vc_column][\/vc_column][\/vc_row][vc_row][vc_column width=\u00a0\u00bb1\/2&Prime;][\/vc_column][vc_column width=\u00a0\u00bb1\/2&Prime;][\/vc_column][\/vc_row][vc_row][vc_column width=\u00a0\u00bb1\/2&Prime;][\/vc_column][vc_column width=\u00a0\u00bb1\/2&Prime;][\/vc_column][\/vc_row][vc_row][vc_column width=\u00a0\u00bb1\/2&Prime;][\/vc_column][vc_column width=\u00a0\u00bb1\/2&Prime;][\/vc_column][\/vc_row][vc_row][vc_column][\/vc_column][\/vc_row][vc_row][vc_column][\/vc_column][\/vc_row]<\/p>\n","protected":false},"author":1,"featured_media":0,"parent":0,"menu_order":0,"comment_status":"closed","ping_status":"closed","template":"tpl\/front-page.php","meta":{"footnotes":""},"_links":{"self":[{"href":"https:\/\/kerrolland-conseil.com\/fr\/wp-json\/wp\/v2\/pages\/59"}],"collection":[{"href":"https:\/\/kerrolland-conseil.com\/fr\/wp-json\/wp\/v2\/pages"}],"about":[{"href":"https:\/\/kerrolland-conseil.com\/fr\/wp-json\/wp\/v2\/types\/page"}],"author":[{"embeddable":true,"href":"https:\/\/kerrolland-conseil.com\/fr\/wp-json\/wp\/v2\/users\/1"}],"replies":[{"embeddable":true,"href":"https:\/\/kerrolland-conseil.com\/fr\/wp-json\/wp\/v2\/comments?post=59"}],"version-history":[{"count":168,"href":"https:\/\/kerrolland-conseil.com\/fr\/wp-json\/wp\/v2\/pages\/59\/revisions"}],"predecessor-version":[{"id":4627,"href":"https:\/\/kerrolland-conseil.com\/fr\/wp-json\/wp\/v2\/pages\/59\/revisions\/4627"}],"wp:attachment":[{"href":"https:\/\/kerrolland-conseil.com\/fr\/wp-json\/wp\/v2\/media?parent=59"}],"curies":[{"name":"wp","href":"https:\/\/api.w.org\/{rel}","templated":true}]}}